{"id":3,"date":"2024-09-22T11:13:19","date_gmt":"2024-09-22T11:13:19","guid":{"rendered":"http:\/\/euroasien.com\/?page_id=3"},"modified":"2024-11-27T13:15:43","modified_gmt":"2024-11-27T13:15:43","slug":"privacy-policy","status":"publish","type":"page","link":"https:\/\/euroasien.com\/de\/datenschutzbestimmungen\/","title":{"rendered":"Datenschutzbestimmungen"},"content":{"rendered":"<div data-elementor-type=\"wp-page\" data-elementor-id=\"3\" class=\"elementor elementor-3\">\n\t\t\t\t<div class=\"elementor-element elementor-element-70d89362 e-flex e-con-boxed e-con e-parent\" data-id=\"70d89362\" data-element_type=\"container\">\n\t\t\t\t\t<div class=\"e-con-inner\">\n\t\t\t\t<div class=\"elementor-element elementor-element-18256f24 elementor-widget elementor-widget-text-editor\" data-id=\"18256f24\" data-element_type=\"widget\" data-widget_type=\"text-editor.default\">\n\t\t\t\t<div class=\"elementor-widget-container\">\n\t\t\t\t\t\t\t\t\t\n<h3 class=\"wp-block-heading\"><strong>Datenschutzbestimmungen<\/strong><\/h3>\n<p><strong>Euroasien Recht und Beratung<\/strong> legen wir gro\u00dfen Wert auf den Schutz Ihrer pers\u00f6nlichen Daten. Diese Datenschutzerkl\u00e4rung erl\u00e4utert, wie Ihre personenbezogenen Daten erhoben, verwendet und gesch\u00fctzt werden, wenn Sie unsere Website besuchen, uns kontaktieren oder unsere Dienste nutzen. Wir halten uns an die in Deutschland und der T\u00fcrkei geltenden Datenschutzgesetze (Allgemeine Datenschutzverordnung - DSGVO in Deutschland und Gesetz zum Schutz personenbezogener Daten - KVKK in der T\u00fcrkei).<\/p>\n<hr \/>\n<h3><strong>1. gesammelte Daten<\/strong><\/h3>\n<p>Wenn Sie unsere Website nutzen, k\u00f6nnen die folgenden Arten von personenbezogenen Daten erhoben werden:<\/p>\n<ul>\n<li><strong>Kontaktinformationen:<\/strong> Vorname, Nachname, E-Mail-Adresse, Telefonnummer<\/li>\n<li><strong>Informationen zum Dienst:<\/strong> Angeforderte Dienstleistungen, gestellte Antr\u00e4ge<\/li>\n<li><strong>Technische Daten:<\/strong> IP-Adresse, Browserinformationen, Zugriffszeit, Ger\u00e4tetyp und Browsersprache<\/li>\n<\/ul>\n<h3><strong>2. die Verwendung der Daten<\/strong><\/h3>\n<p>Die von Ihnen erhobenen personenbezogenen Daten werden f\u00fcr die folgenden Zwecke verwendet:<\/p>\n<ul>\n<li>Bearbeitung Ihrer Serviceanfragen<\/li>\n<li>Kommunikation und Beantwortung Ihrer Anfragen<\/li>\n<li>Gew\u00e4hrleistung des Funktionierens und der Sicherheit der Website<\/li>\n<li>Erf\u00fcllung rechtlicher Verpflichtungen<\/li>\n<\/ul>\n<p>Ihre Daten werden nur f\u00fcr die angegebenen Zwecke verwendet.<\/p>\n<h3><strong>3. die gemeinsame Nutzung und Weitergabe von Daten<\/strong><\/h3>\n<p>Die Rechtsanwalts- und Beratungsgesellschaft Euroasien darf Ihre personenbezogenen Daten nur an unsere Dienstleister und Partner weitergeben und nur im Rahmen gesetzlicher Verpflichtungen und berechtigter rechtlicher Anfragen offenlegen. Vor der Weitergabe Ihrer Daten an Dritte wird Ihre ausdr\u00fcckliche Zustimmung eingeholt.<\/p>\n<p>Bei der \u00dcbermittlung von Daten zwischen Deutschland und der T\u00fcrkei werden die erforderlichen Datenschutzma\u00dfnahmen getroffen und die einschl\u00e4gigen gesetzlichen Bestimmungen eingehalten.<\/p>\n<h3><strong>4. die Datenspeicherung<\/strong><\/h3>\n<p>Ihre personenbezogenen Daten werden nur so lange gespeichert, wie es f\u00fcr den Zweck der Verarbeitung erforderlich ist. Ihre Daten k\u00f6nnen im Einklang mit den gesetzlichen Bestimmungen gespeichert und auf Ihren Wunsch hin gel\u00f6scht oder anonymisiert werden, sofern nicht anders angegeben.<\/p>\n<h3><strong>5. die Datensicherheit<\/strong><\/h3>\n<p>Wir legen gro\u00dfen Wert auf den Schutz Ihrer personenbezogenen Daten. Es werden geeignete technische und organisatorische Ma\u00dfnahmen getroffen, um die Sicherheit Ihrer Daten zu gew\u00e4hrleisten. Die Daten\u00fcbertragung \u00fcber das Internet kann jedoch nicht immer hundertprozentig sicher sein. Wir bitten Sie daher zu ber\u00fccksichtigen, dass bei der \u00dcbermittlung von Daten \u00fcber unsere Website ein Sicherheitsrisiko bestehen kann.<\/p>\n<h3><strong>6. kekse<\/strong><\/h3>\n<p>Unsere Website verwendet Cookies, um die Benutzerfreundlichkeit zu verbessern. Cookies sind kleine Datendateien, die in Ihrem Browser gespeichert werden. Um zu erfahren, wie Cookies verwendet werden und um Ihre Einstellungen zu \u00e4ndern <a href=\"#\" rel=\"noopener\">Cookie-Richtlinie<\/a> Sie k\u00f6nnen unsere Seite besuchen.<\/p>\n<h3><strong>7 Benutzerrechte<\/strong><\/h3>\n<p>Sie haben die folgenden Rechte in Bezug auf Ihre personenbezogenen Daten:<\/p>\n<ul>\n<li><strong>Recht auf Zugang:<\/strong> Recht auf Auskunft dar\u00fcber, ob Ihre personenbezogenen Daten verarbeitet werden oder nicht<\/li>\n<li><strong>Recht auf Berichtigung:<\/strong> Berichtigung von unrichtigen oder unvollst\u00e4ndigen Daten<\/li>\n<li><strong>Recht auf L\u00f6schen:<\/strong> L\u00f6schung von personenbezogenen Daten<\/li>\n<li><strong>Recht auf Daten\u00fcbertragbarkeit:<\/strong> Recht auf \u00dcbermittlung Ihrer Daten an einen anderen Ort<\/li>\n<li><strong>Recht auf Einspruch:<\/strong> Recht auf Widerspruch gegen die Verarbeitung Ihrer Daten<\/li>\n<\/ul>\n<p>Sie k\u00f6nnen uns kontaktieren, um diese Rechte auszu\u00fcben.<\/p>\n<h3><strong>8. kommunikation und kommunikationskan\u00e4le<\/strong><\/h3>\n<p>Sie k\u00f6nnen uns Ihre Fragen oder W\u00fcnsche bez\u00fcglich Ihrer pers\u00f6nlichen Daten auf folgende Weise \u00fcbermitteln:<\/p>\n<p><strong>E-Mail:<\/strong> <a rel=\"noopener\">info@euroasien.com<\/a><br \/><strong>Telefon:<\/strong> +49 176 640 93 920 (Deutschland)<br \/><strong>Telefon:<\/strong> +90 532 267 91 69 (T\u00fcrkei)<\/p>\n<h3><strong>9. \u00e4nderungen der Datenschutzrichtlinie<\/strong><\/h3>\n<p>Euroasien Law and Consultancy beh\u00e4lt sich das Recht vor, die Datenschutzpolitik von Zeit zu Zeit zu \u00e4ndern. Wenn \u00c4nderungen vorgenommen werden, wird die aktualisierte Datenschutzpolitik auf unserer Website ver\u00f6ffentlicht. Bitte \u00fcberpr\u00fcfen Sie diese Seite regelm\u00e4\u00dfig.<\/p>\t\t\t\t\t\t\t\t<\/div>\n\t\t\t\t<\/div>\n\t\t\t\t\t<\/div>\n\t\t\t\t<\/div>\n\t\t\t\t<\/div>","protected":false},"excerpt":{"rendered":"<p>Gizlilik \u0130lkesi Euroasien Hukuk ve Dan\u0131\u015fmanl\u0131k olarak, ki\u015fisel verilerinizi korumaya b\u00fcy\u00fck \u00f6nem veriyoruz. Bu gizlilik ilkesi, web sitemizi ziyaret etti\u011finizde, bizimle ileti\u015fime ge\u00e7ti\u011finizde veya hizmetlerimizi kulland\u0131\u011f\u0131n\u0131zda<span class=\"excerpt-hellip\"> [\u2026]<\/span><\/p>","protected":false},"author":1,"featured_media":0,"parent":0,"menu_order":0,"comment_status":"closed","ping_status":"open","template":"","meta":{"footnotes":""},"class_list":["post-3","page","type-page","status-publish","hentry"],"_links":{"self":[{"href":"https:\/\/euroasien.com\/de\/wp-json\/wp\/v2\/pages\/3","targetHints":{"allow":["GET"]}}],"collection":[{"href":"https:\/\/euroasien.com\/de\/wp-json\/wp\/v2\/pages"}],"about":[{"href":"https:\/\/euroasien.com\/de\/wp-json\/wp\/v2\/types\/page"}],"author":[{"embeddable":true,"href":"https:\/\/euroasien.com\/de\/wp-json\/wp\/v2\/users\/1"}],"replies":[{"embeddable":true,"href":"https:\/\/euroasien.com\/de\/wp-json\/wp\/v2\/comments?post=3"}],"version-history":[{"count":3,"href":"https:\/\/euroasien.com\/de\/wp-json\/wp\/v2\/pages\/3\/revisions"}],"predecessor-version":[{"id":582,"href":"https:\/\/euroasien.com\/de\/wp-json\/wp\/v2\/pages\/3\/revisions\/582"}],"wp:attachment":[{"href":"https:\/\/euroasien.com\/de\/wp-json\/wp\/v2\/media?parent=3"}],"curies":[{"name":"wp","href":"https:\/\/api.w.org\/{rel}","templated":true}]}}